{"id":18,"date":"2014-10-19T18:32:06","date_gmt":"2014-10-19T16:32:06","guid":{"rendered":"http:\/\/localhost\/?page_id=18"},"modified":"2024-10-20T18:03:51","modified_gmt":"2024-10-20T16:03:51","slug":"naprawy","status":"publish","type":"page","link":"https:\/\/stroiciel.net\/?page_id=18","title":{"rendered":"O naprawach"},"content":{"rendered":"\n<h3>Naprawa pianina \/ fortepianu<\/h3>\n\n\n\n<p><\/p>\n\n\n\n<p>Mniejsze lub wi\u0119ksze naprawy, lub wymian\u0119 zu\u017cytych cz\u0119\u015bci przeprowadza si\u0119 bior\u0105c pod uwag\u0119 ich niezb\u0119dno\u015b\u0107,&nbsp;w celu poprawy funkcjonowania instrumentu.<\/p>\n","protected":false},"excerpt":{"rendered":"<p>Naprawa pianina \/ fortepianu Mniejsze lub wi\u0119ksze naprawy, lub wymian\u0119 zu\u017cytych cz\u0119\u015bci przeprowadza si\u0119 bior\u0105c pod uwag\u0119 ich niezb\u0119dno\u015b\u0107,&nbsp;w celu poprawy funkcjonowania instrumentu.<\/p>\n","protected":false},"author":1,"featured_media":0,"parent":0,"menu_order":0,"comment_status":"open","ping_status":"closed","template":"","meta":[],"_links":{"self":[{"href":"https:\/\/stroiciel.net\/index.php?rest_route=\/wp\/v2\/pages\/18"}],"collection":[{"href":"https:\/\/stroiciel.net\/index.php?rest_route=\/wp\/v2\/pages"}],"about":[{"href":"https:\/\/stroiciel.net\/index.php?rest_route=\/wp\/v2\/types\/page"}],"author":[{"embeddable":true,"href":"https:\/\/stroiciel.net\/index.php?rest_route=\/wp\/v2\/users\/1"}],"replies":[{"embeddable":true,"href":"https:\/\/stroiciel.net\/index.php?rest_route=%2Fwp%2Fv2%2Fcomments&post=18"}],"version-history":[{"count":6,"href":"https:\/\/stroiciel.net\/index.php?rest_route=\/wp\/v2\/pages\/18\/revisions"}],"predecessor-version":[{"id":485,"href":"https:\/\/stroiciel.net\/index.php?rest_route=\/wp\/v2\/pages\/18\/revisions\/485"}],"wp:attachment":[{"href":"https:\/\/stroiciel.net\/index.php?rest_route=%2Fwp%2Fv2%2Fmedia&parent=18"}],"curies":[{"name":"wp","href":"https:\/\/api.w.org\/{rel}","templated":true}]}}